{"id":18815,"date":"2020-06-16T21:49:13","date_gmt":"2020-06-16T19:49:13","guid":{"rendered":"http:\/\/fuerte-royal.com\/nuestro-servicio\/"},"modified":"2020-07-06T15:09:08","modified_gmt":"2020-07-06T13:09:08","slug":"nuestro-servicio","status":"publish","type":"page","link":"https:\/\/fuerte-royal.com\/es\/nuestro-servicio\/","title":{"rendered":"Nuestro Servicio"},"content":{"rendered":"<div class=\"wpb-content-wrapper\"><p>[vc_row][vc_column][vc_column_text]<\/p>\n<p>Fuerte Royal no solo est\u00e1 a su lado de manera competente cuando se trata de comprar \/ vender inmeubles en Fuerteventura. Tambi\u00e9n lo apoyamos en todos los asuntos relacionados con autoridades o preguntas legales.<\/p>\n<p>Nuestros servicios incluyen:<\/p>\n<p>[\/vc_column_text][\/vc_column][\/vc_row][vc_row gap=\u00bb25&#8243;][vc_column width=\u00bb1\/2&#8243; css=\u00bb.vc_custom_1592336382464{border-top-width: 1px !important;border-right-width: 1px !important;border-bottom-width: 1px !important;border-left-width: 1px !important;padding-top: 10px !important;padding-right: 25px !important;padding-bottom: 10px !important;padding-left: 25px !important;background-color: #ffffff !important;border-left-color: #e8e8e8 !important;border-left-style: ridge !important;border-right-color: #e8e8e8 !important;border-right-style: ridge !important;border-top-color: #e8e8e8 !important;border-top-style: ridge !important;border-bottom-color: #e8e8e8 !important;border-bottom-style: ridge !important;}\u00bb][vc_icon icon_fontawesome=\u00bbfar fa-building\u00bb color=\u00bbcustom\u00bb align=\u00bbcenter\u00bb custom_color=\u00bb#bf9f61&#8243; css=\u00bb.vc_custom_1592336676428{margin-bottom: 0px !important;padding-bottom: 0px !important;}\u00bb][vc_custom_heading text=\u00bbApoyo en el trato con las autoridades\u00bb font_container=\u00bbtag:h2|font_size:20px|text_align:center\u00bb use_theme_fonts=\u00bbyes\u00bb][vc_column_text css=\u00bb.vc_custom_1592990613080{margin-top: 0px !important;padding-top: 0px !important;}\u00bb]<\/p>\n<p style=\"text-align: center;\">No siempre es f\u00e1cil hacer un seguimiento de las cosas. Por lo tanto, nos complace ayudarlo con todo tipo de asuntos administrativos.<\/p>\n<p>[\/vc_column_text][\/vc_column][vc_column width=\u00bb1\/2&#8243; css=\u00bb.vc_custom_1592336409960{border-top-width: 1px !important;border-right-width: 1px !important;border-bottom-width: 1px !important;border-left-width: 1px !important;padding-top: 10px !important;padding-right: 25px !important;padding-bottom: 10px !important;padding-left: 25px !important;background-color: #ffffff !important;border-left-color: #e8e8e8 !important;border-left-style: ridge !important;border-right-color: #e8e8e8 !important;border-right-style: ridge !important;border-top-color: #e8e8e8 !important;border-top-style: ridge !important;border-bottom-color: #e8e8e8 !important;border-bottom-style: ridge !important;}\u00bb][vc_icon icon_fontawesome=\u00bbfar fa-file-alt\u00bb color=\u00bbcustom\u00bb align=\u00bbcenter\u00bb custom_color=\u00bb#bf9f61&#8243; css=\u00bb.vc_custom_1592336638135{margin-bottom: 0px !important;padding-bottom: 0px !important;}\u00bb][vc_custom_heading text=\u00bbSolicitud de n\u00famero NIE\u00bb font_container=\u00bbtag:h2|font_size:20px|text_align:center\u00bb use_theme_fonts=\u00bbyes\u00bb][vc_column_text css=\u00bb.vc_custom_1594040882097{margin-top: 0px !important;padding-top: 0px !important;}\u00bb]<\/p>\n<p style=\"text-align: center;\">Junto con usted, solicitamos el n\u00famero de impuesto espa\u00f1ol (NIE).<\/p>\n<p>[\/vc_column_text][\/vc_column][\/vc_row][vc_row gap=\u00bb25&#8243;][vc_column width=\u00bb1\/2&#8243; css=\u00bb.vc_custom_1592336442849{border-top-width: 1px !important;border-right-width: 1px !important;border-bottom-width: 1px !important;border-left-width: 1px !important;padding-top: 10px !important;padding-right: 25px !important;padding-bottom: 10px !important;padding-left: 25px !important;background-color: #ffffff !important;border-left-color: #e8e8e8 !important;border-left-style: ridge !important;border-right-color: #e8e8e8 !important;border-right-style: ridge !important;border-top-color: #e8e8e8 !important;border-top-style: ridge !important;border-bottom-color: #e8e8e8 !important;border-bottom-style: ridge !important;}\u00bb][vc_icon icon_fontawesome=\u00bbfas fa-globe-americas\u00bb color=\u00bbcustom\u00bb align=\u00bbcenter\u00bb custom_color=\u00bb#bf9f61&#8243; css=\u00bb.vc_custom_1592336796852{margin-bottom: 0px !important;padding-bottom: 0px !important;}\u00bb][vc_custom_heading text=\u00bbTraducciones\u00bb font_container=\u00bbtag:h2|font_size:20px|text_align:center\u00bb use_theme_fonts=\u00bbyes\u00bb][vc_column_text css=\u00bb.vc_custom_1592990625583{margin-top: 0px !important;padding-top: 0px !important;}\u00bb]<\/p>\n<p style=\"text-align: center;\">Le proporcionamos traductores certificados por el estado para la comunicaci\u00f3n en citas notariales y judiciales, pero tambi\u00e9n para el procesamiento de documentos.<\/p>\n<p>[\/vc_column_text][\/vc_column][vc_column width=\u00bb1\/2&#8243; css=\u00bb.vc_custom_1592336437149{border-top-width: 1px !important;border-right-width: 1px !important;border-bottom-width: 1px !important;border-left-width: 1px !important;padding-top: 10px !important;padding-right: 25px !important;padding-bottom: 10px !important;padding-left: 25px !important;background-color: #ffffff !important;border-left-color: #e8e8e8 !important;border-left-style: ridge !important;border-right-color: #e8e8e8 !important;border-right-style: ridge !important;border-top-color: #e8e8e8 !important;border-top-style: ridge !important;border-bottom-color: #e8e8e8 !important;border-bottom-style: ridge !important;}\u00bb][vc_icon icon_fontawesome=\u00bbfas fa-tools\u00bb color=\u00bbcustom\u00bb align=\u00bbcenter\u00bb custom_color=\u00bb#bf9f61&#8243; css=\u00bb.vc_custom_1592336928454{margin-bottom: 0px !important;padding-bottom: 0px !important;}\u00bb][vc_custom_heading text=\u00bbRenovaci\u00f3n &amp; remodelaci\u00f3n de la propiedad de sus sue\u00f1os\u00bb font_container=\u00bbtag:h2|font_size:20px|text_align:center\u00bb use_theme_fonts=\u00bbyes\u00bb][vc_column_text css=\u00bb.vc_custom_1592990633786{margin-top: 0px !important;padding-top: 0px !important;}\u00bb]<\/p>\n<p style=\"text-align: center;\">Le ponemos en contacto con las empresas de construcci\u00f3n adecuadas que dise\u00f1ar\u00e1n la propiedad de sus sue\u00f1os de acuerdo con sus deseos.<\/p>\n<p>[\/vc_column_text][\/vc_column][\/vc_row][vc_row gap=\u00bb25&#8243; css=\u00bb.vc_custom_1592571439906{margin-bottom: 30px !important;}\u00bb][vc_column width=\u00bb1\/2&#8243; css=\u00bb.vc_custom_1592336442849{border-top-width: 1px !important;border-right-width: 1px !important;border-bottom-width: 1px !important;border-left-width: 1px !important;padding-top: 10px !important;padding-right: 25px !important;padding-bottom: 10px !important;padding-left: 25px !important;background-color: #ffffff !important;border-left-color: #e8e8e8 !important;border-left-style: ridge !important;border-right-color: #e8e8e8 !important;border-right-style: ridge !important;border-top-color: #e8e8e8 !important;border-top-style: ridge !important;border-bottom-color: #e8e8e8 !important;border-bottom-style: ridge !important;}\u00bb][vc_icon icon_fontawesome=\u00bbfas fa-gavel\u00bb color=\u00bbcustom\u00bb align=\u00bbcenter\u00bb custom_color=\u00bb#bf9f61&#8243; css=\u00bb.vc_custom_1592336950895{margin-bottom: 0px !important;padding-bottom: 0px !important;}\u00bb][vc_custom_heading text=\u00bbHerencia de inmuebles\u00bb font_container=\u00bbtag:h2|font_size:20px|text_align:center\u00bb use_theme_fonts=\u00bbyes\u00bb][vc_column_text css=\u00bb.vc_custom_1592990639960{margin-top: 0px !important;padding-top: 0px !important;}\u00bb]<\/p>\n<p style=\"text-align: center;\">Tenemos el contacto adecuado para preguntas legales sobre heredar inmuebles. Lo remitimos a un abogado de habla espa\u00f1ol que est\u00e1 a su lado.<\/p>\n<p>[\/vc_column_text][\/vc_column][vc_column width=\u00bb1\/2&#8243;][\/vc_column][\/vc_row]<\/p>\n<\/div>","protected":false},"excerpt":{"rendered":"<p>[vc_row][vc_column][vc_column_text] Fuerte Royal no solo est\u00e1 a su lado de manera competente cuando se trata de comprar \/ vender inmeubles en Fuerteventura. Tambi\u00e9n lo apoyamos en todos los asuntos relacionados con autoridades o preguntas legales. Nuestros servicios incluyen: [\/vc_column_text][\/vc_column][\/vc_row][vc_row gap=\u00bb25&#8243;][vc_column width=\u00bb1\/2&#8243; css=\u00bb.vc_custom_1592336382464{border-top-width: 1px !important;border-right-width: 1px !important;border-bottom-width: 1px !important;border-left-width: 1px !important;padding-top: 10px !important;padding-right: 25px !important;padding-bottom: 10px !important;padding-left: 25px !important;background-color: #ffffff !important;border-left-color: #e8e8e8 !important;border-left-style: ridge !important;border-right-color: &#8230;<\/p>\n","protected":false},"author":1,"featured_media":0,"parent":0,"menu_order":0,"comment_status":"closed","ping_status":"closed","template":"","meta":{"footnotes":""},"class_list":["post-18815","page","type-page","status-publish","hentry"],"yoast_head":"<!-- This site is optimized with the Yoast SEO plugin v26.3 - https:\/\/yoast.com\/wordpress\/plugins\/seo\/ -->\n<title>Nuestros servicios en Fuerteventura | Agencia inmobiliaria Fuerte Royal<\/title>\n<meta name=\"description\" content=\"Adem\u00e1s de nuestra oferta de propiedades, tambi\u00e9n lo apoyamos con asuntos legales, tratando con autoridades, renovaciones y mucho m\u00e1s.\" \/>\n<meta name=\"robots\" content=\"index, follow, max-snippet:-1, max-image-preview:large, max-video-preview:-1\" \/>\n<link rel=\"canonical\" href=\"https:\/\/fuerte-royal.com\/es\/nuestro-servicio\/\" \/>\n<meta property=\"og:locale\" content=\"es_ES\" \/>\n<meta property=\"og:type\" content=\"article\" \/>\n<meta property=\"og:title\" content=\"Nuestros servicios en Fuerteventura | Agencia inmobiliaria Fuerte Royal\" \/>\n<meta property=\"og:description\" content=\"Adem\u00e1s de nuestra oferta de propiedades, tambi\u00e9n lo apoyamos con asuntos legales, tratando con autoridades, renovaciones y mucho m\u00e1s.\" \/>\n<meta property=\"og:url\" content=\"https:\/\/fuerte-royal.com\/es\/nuestro-servicio\/\" \/>\n<meta property=\"og:site_name\" content=\"Fuerte-Royal Immobilien\" \/>\n<meta property=\"article:modified_time\" content=\"2020-07-06T13:09:08+00:00\" \/>\n<meta name=\"twitter:card\" content=\"summary_large_image\" \/>\n<meta name=\"twitter:label1\" content=\"Tiempo de lectura\" \/>\n\t<meta name=\"twitter:data1\" content=\"4 minutos\" \/>\n<script type=\"application\/ld+json\" class=\"yoast-schema-graph\">{\"@context\":\"https:\/\/schema.org\",\"@graph\":[{\"@type\":\"WebPage\",\"@id\":\"https:\/\/fuerte-royal.com\/es\/nuestro-servicio\/\",\"url\":\"https:\/\/fuerte-royal.com\/es\/nuestro-servicio\/\",\"name\":\"Nuestros servicios en Fuerteventura | Agencia inmobiliaria Fuerte Royal\",\"isPartOf\":{\"@id\":\"https:\/\/fuerte-royal.com\/#website\"},\"datePublished\":\"2020-06-16T19:49:13+00:00\",\"dateModified\":\"2020-07-06T13:09:08+00:00\",\"description\":\"Adem\u00e1s de nuestra oferta de propiedades, tambi\u00e9n lo apoyamos con asuntos legales, tratando con autoridades, renovaciones y mucho m\u00e1s.\",\"breadcrumb\":{\"@id\":\"https:\/\/fuerte-royal.com\/es\/nuestro-servicio\/#breadcrumb\"},\"inLanguage\":\"es\",\"potentialAction\":[{\"@type\":\"ReadAction\",\"target\":[\"https:\/\/fuerte-royal.com\/es\/nuestro-servicio\/\"]}]},{\"@type\":\"BreadcrumbList\",\"@id\":\"https:\/\/fuerte-royal.com\/es\/nuestro-servicio\/#breadcrumb\",\"itemListElement\":[{\"@type\":\"ListItem\",\"position\":1,\"name\":\"Home\",\"item\":\"https:\/\/fuerte-royal.com\/es\/\"},{\"@type\":\"ListItem\",\"position\":2,\"name\":\"Nuestro Servicio\"}]},{\"@type\":\"WebSite\",\"@id\":\"https:\/\/fuerte-royal.com\/#website\",\"url\":\"https:\/\/fuerte-royal.com\/\",\"name\":\"Fuerte-Royal Immobilien\",\"description\":\"Seite im Aufbau\",\"publisher\":{\"@id\":\"https:\/\/fuerte-royal.com\/#organization\"},\"potentialAction\":[{\"@type\":\"SearchAction\",\"target\":{\"@type\":\"EntryPoint\",\"urlTemplate\":\"https:\/\/fuerte-royal.com\/?s={search_term_string}\"},\"query-input\":{\"@type\":\"PropertyValueSpecification\",\"valueRequired\":true,\"valueName\":\"search_term_string\"}}],\"inLanguage\":\"es\"},{\"@type\":\"Organization\",\"@id\":\"https:\/\/fuerte-royal.com\/#organization\",\"name\":\"Fuerte-Royal\",\"url\":\"https:\/\/fuerte-royal.com\/\",\"logo\":{\"@type\":\"ImageObject\",\"inLanguage\":\"es\",\"@id\":\"https:\/\/fuerte-royal.com\/#\/schema\/logo\/image\/\",\"url\":\"https:\/\/fuerte-royal.com\/wp-content\/uploads\/fuerte-royal-logo-mobile.png\",\"contentUrl\":\"https:\/\/fuerte-royal.com\/wp-content\/uploads\/fuerte-royal-logo-mobile.png\",\"width\":286,\"height\":60,\"caption\":\"Fuerte-Royal\"},\"image\":{\"@id\":\"https:\/\/fuerte-royal.com\/#\/schema\/logo\/image\/\"}}]}<\/script>\n<!-- \/ Yoast SEO plugin. -->","yoast_head_json":{"title":"Nuestros servicios en Fuerteventura | Agencia inmobiliaria Fuerte Royal","description":"Adem\u00e1s de nuestra oferta de propiedades, tambi\u00e9n lo apoyamos con asuntos legales, tratando con autoridades, renovaciones y mucho m\u00e1s.","robots":{"index":"index","follow":"follow","max-snippet":"max-snippet:-1","max-image-preview":"max-image-preview:large","max-video-preview":"max-video-preview:-1"},"canonical":"https:\/\/fuerte-royal.com\/es\/nuestro-servicio\/","og_locale":"es_ES","og_type":"article","og_title":"Nuestros servicios en Fuerteventura | Agencia inmobiliaria Fuerte Royal","og_description":"Adem\u00e1s de nuestra oferta de propiedades, tambi\u00e9n lo apoyamos con asuntos legales, tratando con autoridades, renovaciones y mucho m\u00e1s.","og_url":"https:\/\/fuerte-royal.com\/es\/nuestro-servicio\/","og_site_name":"Fuerte-Royal Immobilien","article_modified_time":"2020-07-06T13:09:08+00:00","twitter_card":"summary_large_image","twitter_misc":{"Tiempo de lectura":"4 minutos"},"schema":{"@context":"https:\/\/schema.org","@graph":[{"@type":"WebPage","@id":"https:\/\/fuerte-royal.com\/es\/nuestro-servicio\/","url":"https:\/\/fuerte-royal.com\/es\/nuestro-servicio\/","name":"Nuestros servicios en Fuerteventura | Agencia inmobiliaria Fuerte Royal","isPartOf":{"@id":"https:\/\/fuerte-royal.com\/#website"},"datePublished":"2020-06-16T19:49:13+00:00","dateModified":"2020-07-06T13:09:08+00:00","description":"Adem\u00e1s de nuestra oferta de propiedades, tambi\u00e9n lo apoyamos con asuntos legales, tratando con autoridades, renovaciones y mucho m\u00e1s.","breadcrumb":{"@id":"https:\/\/fuerte-royal.com\/es\/nuestro-servicio\/#breadcrumb"},"inLanguage":"es","potentialAction":[{"@type":"ReadAction","target":["https:\/\/fuerte-royal.com\/es\/nuestro-servicio\/"]}]},{"@type":"BreadcrumbList","@id":"https:\/\/fuerte-royal.com\/es\/nuestro-servicio\/#breadcrumb","itemListElement":[{"@type":"ListItem","position":1,"name":"Home","item":"https:\/\/fuerte-royal.com\/es\/"},{"@type":"ListItem","position":2,"name":"Nuestro Servicio"}]},{"@type":"WebSite","@id":"https:\/\/fuerte-royal.com\/#website","url":"https:\/\/fuerte-royal.com\/","name":"Fuerte-Royal Immobilien","description":"Seite im Aufbau","publisher":{"@id":"https:\/\/fuerte-royal.com\/#organization"},"potentialAction":[{"@type":"SearchAction","target":{"@type":"EntryPoint","urlTemplate":"https:\/\/fuerte-royal.com\/?s={search_term_string}"},"query-input":{"@type":"PropertyValueSpecification","valueRequired":true,"valueName":"search_term_string"}}],"inLanguage":"es"},{"@type":"Organization","@id":"https:\/\/fuerte-royal.com\/#organization","name":"Fuerte-Royal","url":"https:\/\/fuerte-royal.com\/","logo":{"@type":"ImageObject","inLanguage":"es","@id":"https:\/\/fuerte-royal.com\/#\/schema\/logo\/image\/","url":"https:\/\/fuerte-royal.com\/wp-content\/uploads\/fuerte-royal-logo-mobile.png","contentUrl":"https:\/\/fuerte-royal.com\/wp-content\/uploads\/fuerte-royal-logo-mobile.png","width":286,"height":60,"caption":"Fuerte-Royal"},"image":{"@id":"https:\/\/fuerte-royal.com\/#\/schema\/logo\/image\/"}}]}},"_links":{"self":[{"href":"https:\/\/fuerte-royal.com\/es\/wp-json\/wp\/v2\/pages\/18815","targetHints":{"allow":["GET"]}}],"collection":[{"href":"https:\/\/fuerte-royal.com\/es\/wp-json\/wp\/v2\/pages"}],"about":[{"href":"https:\/\/fuerte-royal.com\/es\/wp-json\/wp\/v2\/types\/page"}],"author":[{"embeddable":true,"href":"https:\/\/fuerte-royal.com\/es\/wp-json\/wp\/v2\/users\/1"}],"replies":[{"embeddable":true,"href":"https:\/\/fuerte-royal.com\/es\/wp-json\/wp\/v2\/comments?post=18815"}],"version-history":[{"count":3,"href":"https:\/\/fuerte-royal.com\/es\/wp-json\/wp\/v2\/pages\/18815\/revisions"}],"predecessor-version":[{"id":19072,"href":"https:\/\/fuerte-royal.com\/es\/wp-json\/wp\/v2\/pages\/18815\/revisions\/19072"}],"wp:attachment":[{"href":"https:\/\/fuerte-royal.com\/es\/wp-json\/wp\/v2\/media?parent=18815"}],"curies":[{"name":"wp","href":"https:\/\/api.w.org\/{rel}","templated":true}]}}